{"id":2791,"date":"2016-05-02T22:15:49","date_gmt":"2016-05-02T22:15:49","guid":{"rendered":"http:\/\/pruebas.chambahonesta.mx\/?page_id=2791"},"modified":"2017-03-29T13:07:59","modified_gmt":"2017-03-29T19:07:59","slug":"maintenance","status":"publish","type":"page","link":"https:\/\/grupopicsa.com.mx\/eng\/operative-stage\/maintenance\/","title":{"rendered":"Maintenance Condominiums"},"content":{"rendered":"<h3 style=\"text-align: center;\"><strong>Common Areas Maintenance<\/strong><\/h3>\n<blockquote>\n<p style=\"text-align: justify;\"><em>Formal receiving of common areas and work tasks implementation as well as activities scheduling for a proper maintenance and operation of equipment.<\/em><\/p>\n<\/blockquote>\n<ul>\n<li style=\"text-align: justify;\">Supplier\u2019s supervision<\/li>\n<li style=\"text-align: justify;\">Folders with several options of prices and suppliers<\/li>\n<li>Fix maintenance schedule for each area<\/li>\n<li>Monthly report of maintenance performed<\/li>\n<li>Apply insurance policy or warranties as it\u2019s needed<\/li>\n<li>Folders of each equipment and area for future query<\/li>\n<li><\/li>\n<li>Elaborar inventario de equipos<\/li>\n<li>Implementar control de materiales y herramientas<\/li>\n<li>Exigir integraci\u00f3n de expediente para recepci\u00f3n de \u00e1reas y equipo instalado en las \u00e1reas comunes del inmueble:\n<ul>\n<li>Acta de recepci\u00f3n<\/li>\n<li>Generales del proveedor y fabricante<\/li>\n<li>Planos (ejecuci\u00f3n, as built)<\/li>\n<li>Manuales operaci\u00f3n<\/li>\n<li>Capacitaci\u00f3n<\/li>\n<li>Copia de factura<\/li>\n<li>Garant\u00eda<\/li>\n<\/ul>\n<\/li>\n<li>Integrar carpetas para consultas<\/li>\n<\/ul>\n<h3 style=\"text-align: center;\"><strong><img loading=\"lazy\" class=\"aligncenter size-medium wp-image-2950\" src=\"https:\/\/i0.wp.com\/grupopicsa.com.mx\/wp-content\/uploads\/2016\/05\/Painting-300x244.jpg?resize=300%2C244\" alt=\"Painting\" width=\"300\" height=\"244\" data-recalc-dims=\"1\" \/>Private Areas Maintenance<\/strong><\/h3>\n<blockquote>\n<p style=\"text-align: justify;\"><em>We organize community policies for private services in order to get lower rates for all<\/em><\/p>\n<\/blockquote>\n<ul>\n<li>Group Air conditioning policy<\/li>\n<li>Group fumigation policy<\/li>\n<li>Interior and exterior Windows cleaning<\/li>\n<li>Special needs support<\/li>\n<\/ul>\n<h3 style=\"text-align: center;\"><strong>Quarter master<\/strong><\/h3>\n<blockquote>\n<p style=\"text-align: justify;\"><em>Tasks implementation as well as activities scheduling for a proper maintenance and cleaning of areas.<\/em><\/p>\n<\/blockquote>\n<ul>\n<li>Monthly reports<\/li>\n<li>Security programs participation<\/li>\n<li>Outsourcing<\/li>\n<\/ul>\n<h3 style=\"text-align: center;\"><strong><img loading=\"lazy\" class=\"aligncenter size-medium wp-image-3035\" src=\"https:\/\/i0.wp.com\/grupopicsa.com.mx\/wp-content\/uploads\/2017\/03\/JARDINERIA-e1490747725411.jpg?resize=300%2C155\" alt=\"zaask-jardineros\" width=\"300\" height=\"155\" data-recalc-dims=\"1\" \/>Green Areas<\/strong><\/h3>\n<blockquote>\n<p style=\"text-align: justify;\"><em>Problems identification, corrective actions, Tasks implementation as well as activities scheduling for a proper maintenance<\/em><\/p>\n<\/blockquote>\n<p>&nbsp;<\/p>\n<ul>\n<li>Green areas maintenance and fumigation<\/li>\n<li>Critic issues monthly report<\/li>\n<li>Outsourcing with specialists<\/li>\n<\/ul>\n","protected":false},"excerpt":{"rendered":"<p>Common Areas Maintenance Formal receiving of common areas and work tasks implementation as well as activities scheduling for a proper maintenance and operation of equipment. Supplier\u2019s supervision Folders with several options of prices and suppliers Fix maintenance schedule for each area Monthly report of maintenance performed Apply insurance policy or warranties as it\u2019s needed Folders [&hellip;]<\/p>\n","protected":false},"author":1,"featured_media":3052,"parent":2787,"menu_order":0,"comment_status":"closed","ping_status":"closed","template":"","meta":[],"_links":{"self":[{"href":"https:\/\/grupopicsa.com.mx\/eng\/wp-json\/wp\/v2\/pages\/2791"}],"collection":[{"href":"https:\/\/grupopicsa.com.mx\/eng\/wp-json\/wp\/v2\/pages"}],"about":[{"href":"https:\/\/grupopicsa.com.mx\/eng\/wp-json\/wp\/v2\/types\/page"}],"author":[{"embeddable":true,"href":"https:\/\/grupopicsa.com.mx\/eng\/wp-json\/wp\/v2\/users\/1"}],"replies":[{"embeddable":true,"href":"https:\/\/grupopicsa.com.mx\/eng\/wp-json\/wp\/v2\/comments?post=2791"}],"version-history":[{"count":6,"href":"https:\/\/grupopicsa.com.mx\/eng\/wp-json\/wp\/v2\/pages\/2791\/revisions"}],"predecessor-version":[{"id":3072,"href":"https:\/\/grupopicsa.com.mx\/eng\/wp-json\/wp\/v2\/pages\/2791\/revisions\/3072"}],"up":[{"embeddable":true,"href":"https:\/\/grupopicsa.com.mx\/eng\/wp-json\/wp\/v2\/pages\/2787"}],"wp:featuredmedia":[{"embeddable":true,"href":"https:\/\/grupopicsa.com.mx\/eng\/wp-json\/wp\/v2\/media\/3052"}],"wp:attachment":[{"href":"https:\/\/grupopicsa.com.mx\/eng\/wp-json\/wp\/v2\/media?parent=2791"}],"curies":[{"name":"wp","href":"https:\/\/api.w.org\/{rel}","templated":true}]}}